{"id":187,"date":"2024-03-09T19:22:55","date_gmt":"2024-03-09T18:22:55","guid":{"rendered":"http:\/\/stasis1979.ddns.net\/dashboard\/?page_id=187"},"modified":"2024-03-09T19:22:56","modified_gmt":"2024-03-09T18:22:56","slug":"download-bereich","status":"publish","type":"page","link":"http:\/\/stasis1979.ddns.net\/dashboard\/index.php\/download-bereich\/","title":{"rendered":"Download Bereich"},"content":{"rendered":"\n<p>Hier werde ich verschiedene Dateien im PDF Format Anbieten. Ich \u00fcbernehme jedoch keine Garantie auf vollst\u00e4ndiegkeit oder Irrt\u00fcmer.<\/p>\n\n\n\n<figure class=\"wp-block-table\"><table><tbody><tr><td><strong><em>Datei<\/em><\/strong>:<\/td><td><strong><em>Beschreibung<\/em><\/strong>:<\/td><\/tr><tr><td><a href=\"http:\/\/stasis1979.ddns.net:8080\/medien\/0-einbau-von-fremdradios-in-vw-fahrzeuge-mit-iso-steckern.pdf\" data-type=\"link\" data-id=\"http:\/\/stasis1979.ddns.net:8080\/medien\/0-einbau-von-fremdradios-in-vw-fahrzeuge-mit-iso-steckern.pdf\">fremdradios-in-vw<\/a><\/td><td>0-einbau-von-fremdradios-in-vw-fahrzeuge-mit-iso-steckern<\/td><\/tr><tr><td><a href=\"http:\/\/stasis1979.ddns.net:8080\/medien\/680719-anschlussschema%2013%20pol.pdf\" data-type=\"link\" data-id=\"http:\/\/stasis1979.ddns.net:8080\/medien\/680719-anschlussschema%2013%20pol.pdf\">Anschlussschema 13 pol<\/a><\/td><td>680719-anschlussschema 13 pol Anh\u00e4nger<\/td><\/tr><tr><td><a href=\"http:\/\/stasis1979.ddns.net:8080\/medien\/Belegung-Sicherungskasten-Volkswagen-Passat-B5-(1997-2005)-Sicherungen-und-Relais.pdf\" data-type=\"link\" data-id=\"http:\/\/stasis1979.ddns.net:8080\/medien\/Belegung-Sicherungskasten-Volkswagen-Passat-B5-(1997-2005)-Sicherungen-und-Relais.pdf\">Belegung-Sicherungskasten-Volkswagen-Passat-B5-(1997-2005)<\/a><\/td><td>Belegung-Sicherungskasten-Volkswagen-Passat-B5-(1997-2005)-Sicherungen-und-Relais<\/td><\/tr><tr><td><a href=\"http:\/\/stasis1979.ddns.net:8080\/medien\/GUTACHTEN-zur-ABE-Nr.45241.pdf\" data-type=\"link\" data-id=\"http:\/\/stasis1979.ddns.net:8080\/medien\/GUTACHTEN-zur-ABE-Nr.45241.pdf\">GUTACHTEN-zur-ABE-Nr.45241<\/a><\/td><td>GUTACHTEN-zur-ABE-Nr.45241 VAG<\/td><\/tr><tr><td><a href=\"http:\/\/stasis1979.ddns.net:8080\/medien\/KBA-45241.pdf\" data-type=\"link\" data-id=\"http:\/\/stasis1979.ddns.net:8080\/medien\/KBA-45241.pdf\">KBA-45241<\/a><\/td><td>KBA-45241 RC05 705<\/td><\/tr><tr><td><a href=\"http:\/\/stasis1979.ddns.net:8080\/medien\/SMAI9005-Audi-A4-Typ-B5.pdf\" data-type=\"link\" data-id=\"http:\/\/stasis1979.ddns.net:8080\/medien\/SMAI9005-Audi-A4-Typ-B5.pdf\">SMAI9005-Audi-A4-Typ-B5<\/a><\/td><td>SMAI9005-Audi-A4-Typ-B5<\/td><\/tr><tr><td><a href=\"http:\/\/stasis1979.ddns.net:8080\/medien\/smfi9005.pdf\" data-type=\"link\" data-id=\"http:\/\/stasis1979.ddns.net:8080\/medien\/smfi9005.pdf\">smfi9005<\/a><\/td><td>smfi9005 Fiat<\/td><\/tr><tr><td><a href=\"http:\/\/stasis1979.ddns.net:8080\/medien\/00158_pinbelegung_vw_radio.jpg\" data-type=\"link\" data-id=\"http:\/\/stasis1979.ddns.net:8080\/medien\/00158_pinbelegung_vw_radio.jpg\">Pinbelegung VAG Radios <\/a><\/td><td>00158_pinbelegung_vw_radio.jpg<\/td><\/tr><tr><td><a href=\"http:\/\/stasis1979.ddns.net:8080\/medien\/1995%20Volkswagen%20Polo%20%E2%80%93%20Rad-%20%26%20Reifengr%C3%B6%C3%9Fen%2C%20LK%2C%20Einpresstiefe%20und%20Felgenspezifikationen%20Reifen-Gr%C3%B6%C3%9Fen.de.pdf\" data-type=\"link\" data-id=\"http:\/\/stasis1979.ddns.net:8080\/medien\/1995%20Volkswagen%20Polo%20%E2%80%93%20Rad-%20%26%20Reifengr%C3%B6%C3%9Fen%2C%20LK%2C%20Einpresstiefe%20und%20Felgenspezifikationen%20Reifen-Gr%C3%B6%C3%9Fen.de.pdf\">1995 Volkswagen Polo \u2013 Rad- &amp; Reifengr\u00f6\u00dfen<\/a><\/td><td>1995 Volkswagen Polo \u2013 Rad- &amp; Reifengr\u00f6\u00dfen, LK, Einpresstiefe und Felgenspezifikationen Reifen-Gr\u00f6\u00dfen.de<\/td><\/tr><tr><td><a href=\"http:\/\/stasis1979.ddns.net:8080\/medien\/kamei-spoiler_168.pdf\" data-type=\"link\" data-id=\"http:\/\/stasis1979.ddns.net:8080\/medien\/kamei-spoiler_168.pdf\">kamei-spoiler_168<\/a><\/td><td>kamei-spoiler_168 (Typ 4 4414,Typ 4 4418),<\/td><\/tr><tr><td><\/td><td><\/td><\/tr><tr><td><\/td><td><\/td><\/tr><tr><td><\/td><td><\/td><\/tr><tr><td><\/td><td><\/td><\/tr><tr><td><\/td><td><\/td><\/tr><tr><td><\/td><td><\/td><\/tr><tr><td><\/td><td><\/td><\/tr><tr><td><\/td><td><\/td><\/tr><tr><td><\/td><td><\/td><\/tr><tr><td><\/td><td><\/td><\/tr><tr><td><\/td><td><\/td><\/tr><tr><td><\/td><td><\/td><\/tr><tr><td><\/td><td><\/td><\/tr><tr><td><\/td><td><\/td><\/tr><tr><td><\/td><td><\/td><\/tr><tr><td><\/td><td><\/td><\/tr><tr><td><\/td><td><\/td><\/tr><tr><td><\/td><td><\/td><\/tr><tr><td><\/td><td><\/td><\/tr><\/tbody><\/table><\/figure>\n","protected":false},"excerpt":{"rendered":"<p>Hier werde ich verschiedene Dateien im PDF Format Anbieten. Ich \u00fcbernehme jedoch keine Garantie auf vollst\u00e4ndiegkeit oder Irrt\u00fcmer. Datei: Beschreibung: fremdradios-in-vw 0-einbau-von-fremdradios-in-vw-fahrzeuge-mit-iso-steckern Anschlussschema 13 pol 680719-anschlussschema 13 pol Anh\u00e4nger Belegung-Sicherungskasten-Volkswagen-Passat-B5-(1997-2005) Belegung-Sicherungskasten-Volkswagen-Passat-B5-(1997-2005)-Sicherungen-und-Relais GUTACHTEN-zur-ABE-Nr.45241 GUTACHTEN-zur-ABE-Nr.45241 VAG KBA-45241 KBA-45241 RC05 705 SMAI9005-Audi-A4-Typ-B5 SMAI9005-Audi-A4-Typ-B5 smfi9005 smfi9005 Fiat Pinbelegung VAG Radios 00158_pinbelegung_vw_radio.jpg 1995 Volkswagen Polo \u2013 Rad- &amp; Reifengr\u00f6\u00dfen 1995&hellip; <br \/> <a class=\"read-more\" href=\"http:\/\/stasis1979.ddns.net\/dashboard\/index.php\/download-bereich\/\">Weiterlesen<\/a><\/p>\n","protected":false},"author":1,"featured_media":0,"parent":0,"menu_order":0,"comment_status":"closed","ping_status":"closed","template":"","meta":{"footnotes":""},"class_list":["post-187","page","type-page","status-publish","hentry"],"_links":{"self":[{"href":"http:\/\/stasis1979.ddns.net\/dashboard\/index.php\/wp-json\/wp\/v2\/pages\/187"}],"collection":[{"href":"http:\/\/stasis1979.ddns.net\/dashboard\/index.php\/wp-json\/wp\/v2\/pages"}],"about":[{"href":"http:\/\/stasis1979.ddns.net\/dashboard\/index.php\/wp-json\/wp\/v2\/types\/page"}],"author":[{"embeddable":true,"href":"http:\/\/stasis1979.ddns.net\/dashboard\/index.php\/wp-json\/wp\/v2\/users\/1"}],"replies":[{"embeddable":true,"href":"http:\/\/stasis1979.ddns.net\/dashboard\/index.php\/wp-json\/wp\/v2\/comments?post=187"}],"version-history":[{"count":1,"href":"http:\/\/stasis1979.ddns.net\/dashboard\/index.php\/wp-json\/wp\/v2\/pages\/187\/revisions"}],"predecessor-version":[{"id":188,"href":"http:\/\/stasis1979.ddns.net\/dashboard\/index.php\/wp-json\/wp\/v2\/pages\/187\/revisions\/188"}],"wp:attachment":[{"href":"http:\/\/stasis1979.ddns.net\/dashboard\/index.php\/wp-json\/wp\/v2\/media?parent=187"}],"curies":[{"name":"wp","href":"https:\/\/api.w.org\/{rel}","templated":true}]}}