{"id":191,"date":"2024-04-05T22:17:25","date_gmt":"2024-04-05T20:17:25","guid":{"rendered":"http:\/\/stasis1979.ddns.net\/dashboard\/?page_id=191"},"modified":"2024-04-06T02:43:00","modified_gmt":"2024-04-06T00:43:00","slug":"projekte-von-freunden","status":"publish","type":"page","link":"http:\/\/stasis1979.ddns.net\/dashboard\/index.php\/projekte-von-freunden-2\/projekte-von-freunden\/","title":{"rendered":"Bj\u00f6rns gelber Audi 80 B4"},"content":{"rendered":"\n<p>Mein Freund Bj\u00f6rn fragte mich ob ich bei einem Motor Tausch behilflich sein kann. Was w\u00e4hre ich f\u00fcr ein Freund wenn ich dazu nein sagen w\u00fcrde. Es handelt sich um einen Audi 80 B4 mit der 2.0 l Maschiene. zuerst gieng es an den Ausbau des Alten Motors, dieser l\u00e4uft nicht mehr.<\/p>\n\n\n\n<figure class=\"wp-block-image size-full\"><img loading=\"lazy\" decoding=\"async\" width=\"1600\" height=\"1200\" src=\"http:\/\/stasis1979.ddns.net\/dashboard\/wp-content\/uploads\/2024\/04\/IMG-20240403-WA0054.jpg\" alt=\"\" class=\"wp-image-192\"\/><\/figure>\n\n\n\n<figure class=\"wp-block-gallery has-nested-images columns-default is-cropped wp-block-gallery-1 is-layout-flex wp-block-gallery-is-layout-flex\">\n<figure class=\"wp-block-image size-large\"><img loading=\"lazy\" decoding=\"async\" width=\"1200\" height=\"1600\" data-id=\"193\" src=\"http:\/\/stasis1979.ddns.net\/dashboard\/wp-content\/uploads\/2024\/04\/IMG-20240403-WA0050.jpg\" alt=\"\" class=\"wp-image-193\"\/><\/figure>\n\n\n\n<figure class=\"wp-block-image size-large\"><img loading=\"lazy\" decoding=\"async\" width=\"1200\" height=\"1600\" data-id=\"197\" src=\"http:\/\/stasis1979.ddns.net\/dashboard\/wp-content\/uploads\/2024\/04\/IMG-20240403-WA0051.jpg\" alt=\"\" class=\"wp-image-197\"\/><\/figure>\n\n\n\n<figure class=\"wp-block-image size-large\"><img loading=\"lazy\" decoding=\"async\" width=\"1200\" height=\"1600\" data-id=\"194\" src=\"http:\/\/stasis1979.ddns.net\/dashboard\/wp-content\/uploads\/2024\/04\/IMG-20240403-WA0052.jpg\" alt=\"\" class=\"wp-image-194\"\/><\/figure>\n\n\n\n<figure class=\"wp-block-image size-large\"><img loading=\"lazy\" decoding=\"async\" width=\"1200\" height=\"1600\" data-id=\"200\" src=\"http:\/\/stasis1979.ddns.net\/dashboard\/wp-content\/uploads\/2024\/04\/IMG-20240403-WA0053.jpg\" alt=\"\" class=\"wp-image-200\"\/><\/figure>\n\n\n\n<figure class=\"wp-block-image size-large\"><img loading=\"lazy\" decoding=\"async\" width=\"2016\" height=\"1512\" data-id=\"195\" src=\"http:\/\/stasis1979.ddns.net\/dashboard\/wp-content\/uploads\/2024\/04\/IMG-20240404-WA0009.jpg\" alt=\"\" class=\"wp-image-195\"\/><\/figure>\n\n\n\n<figure class=\"wp-block-image size-large\"><img loading=\"lazy\" decoding=\"async\" width=\"1512\" height=\"2016\" data-id=\"196\" src=\"http:\/\/stasis1979.ddns.net\/dashboard\/wp-content\/uploads\/2024\/04\/IMG-20240404-WA0010.jpg\" alt=\"\" class=\"wp-image-196\"\/><\/figure>\n<\/figure>\n\n\n\n<p>Dann kam der neue Motor hinein. Soll noch mal einer sagen ein Schlepper w\u00e4re nicht Vielseitig. <\/p>\n\n\n\n<figure class=\"wp-block-image size-full\"><img loading=\"lazy\" decoding=\"async\" width=\"1512\" height=\"2016\" src=\"http:\/\/stasis1979.ddns.net\/dashboard\/wp-content\/uploads\/2024\/04\/IMG-20240404-WA0011.jpg\" alt=\"\" class=\"wp-image-201\"\/><\/figure>\n\n\n\n<figure class=\"wp-block-gallery has-nested-images columns-default is-cropped wp-block-gallery-2 is-layout-flex wp-block-gallery-is-layout-flex\">\n<figure class=\"wp-block-image size-large\"><img loading=\"lazy\" decoding=\"async\" width=\"4032\" height=\"3024\" data-id=\"203\" src=\"http:\/\/stasis1979.ddns.net\/dashboard\/wp-content\/uploads\/2024\/04\/20240404_140922.jpg\" alt=\"\" class=\"wp-image-203\"\/><\/figure>\n\n\n\n<figure class=\"wp-block-image size-large\"><img loading=\"lazy\" decoding=\"async\" width=\"4032\" height=\"3024\" data-id=\"202\" src=\"http:\/\/stasis1979.ddns.net\/dashboard\/wp-content\/uploads\/2024\/04\/20240404_150445.jpg\" alt=\"\" class=\"wp-image-202\"\/><\/figure>\n\n\n\n<figure class=\"wp-block-image size-large\"><img loading=\"lazy\" decoding=\"async\" width=\"1200\" height=\"1600\" data-id=\"204\" src=\"http:\/\/stasis1979.ddns.net\/dashboard\/wp-content\/uploads\/2024\/04\/IMG-20240403-WA0053-1.jpg\" alt=\"\" class=\"wp-image-204\"\/><\/figure>\n\n\n\n<figure class=\"wp-block-image size-large\"><img loading=\"lazy\" decoding=\"async\" width=\"1512\" height=\"2016\" data-id=\"205\" src=\"http:\/\/stasis1979.ddns.net\/dashboard\/wp-content\/uploads\/2024\/04\/IMG-20240404-WA0012-1.jpg\" alt=\"\" class=\"wp-image-205\"\/><\/figure>\n\n\n\n<figure class=\"wp-block-image size-large\"><img loading=\"lazy\" decoding=\"async\" width=\"1512\" height=\"2016\" data-id=\"206\" src=\"http:\/\/stasis1979.ddns.net\/dashboard\/wp-content\/uploads\/2024\/04\/IMG-20240404-WA0013-1.jpg\" alt=\"\" class=\"wp-image-206\"\/><\/figure>\n<\/figure>\n\n\n\n<p>Nachdem Alles Angeschlossen und zusammen gebaut war stellte sich jedoch heraus das er nicht Ansprang.<\/p>\n\n\n\n<p>Nach einiger fehlersuche bei der diverse Teile Detauscht und gegen gecheckt wurden z.b Z\u00fcndungswelle nebst Verteilerkappe und Finger, Z\u00fcndkerzen, Relais sicherungen u.s.w. war der fehler noch immer nicht gefunden.<\/p>\n\n\n\n<p>Die Internet suche half Bj\u00f6rn bis jetzt zumindest die Fehlerquelle einzukreisen. Es wurde das Z\u00fcndschloss als eventuelle Fehlerquelle angegeben. Die angegebenen Symptome passen zum gro\u00dfen teil zu einem Projekt. wie zum Beispiel niederspannung an der Z\u00fcndspule. Nach dem Ausbau jener kam sie ihm schon direkt in einzelteilen endgegen. zudem war es definiv defekt da das Z\u00fcndschloss, wenn der Schl\u00fcssel einmal steckte auf dauerspannung blieb, selbst mit abgezogenen Schl\u00fcssel. Wenn man den Starter bet\u00e4tigte sprang der Schl\u00fcssel nicht selbstst\u00e4ndieg in die z\u00fcndungs Stufe sonder blieb im in der Starter Stufe also der stufe die den Anlasser bet\u00e4tigt. ob es nun Letztlich am Z\u00fcndschloss lag werde ich hier bekannt geben sobald das teil getauscht wurde&#8230;.<\/p>\n\n\n\n<p><\/p>\n\n\n\n<p>Stay tuned<\/p>\n\n\n\n<p> <\/p>\n","protected":false},"excerpt":{"rendered":"<p>Mein Freund Bj\u00f6rn fragte mich ob ich bei einem Motor Tausch behilflich sein kann. Was w\u00e4hre ich f\u00fcr ein Freund wenn ich dazu nein sagen w\u00fcrde. Es handelt sich um einen Audi 80 B4 mit der 2.0 l Maschiene. zuerst gieng es an den Ausbau des Alten Motors, dieser l\u00e4uft nicht mehr. Dann kam der&hellip; <br \/> <a class=\"read-more\" href=\"http:\/\/stasis1979.ddns.net\/dashboard\/index.php\/projekte-von-freunden-2\/projekte-von-freunden\/\">Weiterlesen<\/a><\/p>\n","protected":false},"author":1,"featured_media":0,"parent":208,"menu_order":0,"comment_status":"open","ping_status":"closed","template":"","meta":{"footnotes":""},"class_list":["post-191","page","type-page","status-publish","hentry"],"_links":{"self":[{"href":"http:\/\/stasis1979.ddns.net\/dashboard\/index.php\/wp-json\/wp\/v2\/pages\/191"}],"collection":[{"href":"http:\/\/stasis1979.ddns.net\/dashboard\/index.php\/wp-json\/wp\/v2\/pages"}],"about":[{"href":"http:\/\/stasis1979.ddns.net\/dashboard\/index.php\/wp-json\/wp\/v2\/types\/page"}],"author":[{"embeddable":true,"href":"http:\/\/stasis1979.ddns.net\/dashboard\/index.php\/wp-json\/wp\/v2\/users\/1"}],"replies":[{"embeddable":true,"href":"http:\/\/stasis1979.ddns.net\/dashboard\/index.php\/wp-json\/wp\/v2\/comments?post=191"}],"version-history":[{"count":2,"href":"http:\/\/stasis1979.ddns.net\/dashboard\/index.php\/wp-json\/wp\/v2\/pages\/191\/revisions"}],"predecessor-version":[{"id":210,"href":"http:\/\/stasis1979.ddns.net\/dashboard\/index.php\/wp-json\/wp\/v2\/pages\/191\/revisions\/210"}],"up":[{"embeddable":true,"href":"http:\/\/stasis1979.ddns.net\/dashboard\/index.php\/wp-json\/wp\/v2\/pages\/208"}],"wp:attachment":[{"href":"http:\/\/stasis1979.ddns.net\/dashboard\/index.php\/wp-json\/wp\/v2\/media?parent=191"}],"curies":[{"name":"wp","href":"https:\/\/api.w.org\/{rel}","templated":true}]}}